{"id":28029,"date":"2025-06-24T10:30:59","date_gmt":"2025-06-24T08:30:59","guid":{"rendered":"https:\/\/tinextadefence.it\/?page_id=28029"},"modified":"2025-06-30T13:47:13","modified_gmt":"2025-06-30T11:47:13","slug":"declaration-of-accessibility","status":"publish","type":"page","link":"https:\/\/tinextadefence.it\/en\/declaration-of-accessibility\/","title":{"rendered":"Accessibility Statement"},"content":{"rendered":"<div data-elementor-type=\"wp-page\" data-elementor-id=\"28029\" class=\"elementor elementor-28029\" data-elementor-post-type=\"page\">\n\t\t\t\t\t\t<section class=\"elementor-section elementor-top-section elementor-element elementor-element-8821e86 elementor-section-height-min-height elementor-section-boxed elementor-section-height-default elementor-section-items-middle\" data-id=\"8821e86\" data-element_type=\"section\" data-settings=\"{&quot;background_background&quot;:&quot;classic&quot;}\">\n\t\t\t\t\t\t<div class=\"elementor-container elementor-column-gap-default\">\n\t\t\t\t\t<div class=\"elementor-column elementor-col-100 elementor-top-column elementor-element elementor-element-6cb479b\" data-id=\"6cb479b\" data-element_type=\"column\">\n\t\t\t<div class=\"elementor-widget-wrap elementor-element-populated\">\n\t\t\t\t\t\t<div class=\"elementor-element elementor-element-9cba04f elementor-widget elementor-widget-heading\" data-id=\"9cba04f\" data-element_type=\"widget\" data-widget_type=\"heading.default\">\n\t\t\t\t<div class=\"elementor-widget-container\">\n\t\t\t\t\t<h1 class=\"elementor-heading-title elementor-size-default\">Accessibility Statement<\/h1>\t\t\t\t<\/div>\n\t\t\t\t<\/div>\n\t\t\t\t\t<\/div>\n\t\t<\/div>\n\t\t\t\t\t<\/div>\n\t\t<\/section>\n\t\t\t\t<section class=\"elementor-section elementor-top-section elementor-element elementor-element-32790f1 elementor-section-boxed elementor-section-height-default elementor-section-height-default\" data-id=\"32790f1\" data-element_type=\"section\">\n\t\t\t\t\t\t<div class=\"elementor-container elementor-column-gap-default\">\n\t\t\t\t\t<div class=\"elementor-column elementor-col-100 elementor-top-column elementor-element elementor-element-f9a5961\" data-id=\"f9a5961\" data-element_type=\"column\">\n\t\t\t<div class=\"elementor-widget-wrap elementor-element-populated\">\n\t\t\t\t\t\t<div class=\"elementor-element elementor-element-91e2f79 elementor-widget elementor-widget-text-editor\" data-id=\"91e2f79\" data-element_type=\"widget\" data-widget_type=\"text-editor.default\">\n\t\t\t\t<div class=\"elementor-widget-container\">\n\t\t\t\t\t\t\t\t\t<p>Tinexta Defence S.p.A. Societ\u00e0 Benefit, with registered office at Via Giacomo Peroni, 452 - 00131 Rome, is committed to ensuring the accessibility of its website, in accordance with Legislative Decree No. 106 of 10 August 2018, implementing Directive (EU) 2016\/2102 and the subsequent Legislative Decree No. 82 of 27 May 2022, implementing Directive (EU) 2019\/882 (European Accessibility Act).<\/p><p>This accessibility statement applies to the website: <a href=\"https:\/\/tinextadefence.it\/en\">www.tinextadefence.it<\/a><\/p>\t\t\t\t\t\t\t\t<\/div>\n\t\t\t\t<\/div>\n\t\t\t\t<div class=\"elementor-element elementor-element-7d4d1be elementor-widget elementor-widget-heading\" data-id=\"7d4d1be\" data-element_type=\"widget\" data-widget_type=\"heading.default\">\n\t\t\t\t<div class=\"elementor-widget-container\">\n\t\t\t\t\t<h2 class=\"elementor-heading-title elementor-size-default\">Compliance Status<\/h2>\t\t\t\t<\/div>\n\t\t\t\t<\/div>\n\t\t\t\t<div class=\"elementor-element elementor-element-5f6dd14 elementor-widget elementor-widget-text-editor\" data-id=\"5f6dd14\" data-element_type=\"widget\" data-widget_type=\"text-editor.default\">\n\t\t\t\t<div class=\"elementor-widget-container\">\n\t\t\t\t\t\t\t\t\t<p><em>Partially compliant<\/em><br \/>The website is currently partially compliant with the accessibility requirements of EN 301549:2018 and WCAG 2.1 Level AA.<br \/>The following content is not yet fully accessible (but is currently being updated):<\/p>\t\t\t\t\t\t\t\t<\/div>\n\t\t\t\t<\/div>\n\t\t\t\t<div class=\"elementor-element elementor-element-71997ef elementor-widget elementor-widget-heading\" data-id=\"71997ef\" data-element_type=\"widget\" data-widget_type=\"heading.default\">\n\t\t\t\t<div class=\"elementor-widget-container\">\n\t\t\t\t\t<h2 class=\"elementor-heading-title elementor-size-default\">Non-accessible content<\/h2>\t\t\t\t<\/div>\n\t\t\t\t<\/div>\n\t\t\t\t<div class=\"elementor-element elementor-element-38a5401 elementor-widget elementor-widget-text-editor\" data-id=\"38a5401\" data-element_type=\"widget\" data-widget_type=\"text-editor.default\">\n\t\t\t\t<div class=\"elementor-widget-container\">\n\t\t\t\t\t\t\t\t\t<p>- Absence of full keyboard navigation on some pages.<br \/>- Some images without descriptive alternative text.<br \/>- PDF documents without structured tags or not fully  compatible withscreen readers.<br \/>- Insufficient color contrast in some secondary graphic areas.<br \/>- Some modules may not have correctly associated labels.<\/p>\t\t\t\t\t\t\t\t<\/div>\n\t\t\t\t<\/div>\n\t\t\t\t<div class=\"elementor-element elementor-element-92b9d21 elementor-widget elementor-widget-heading\" data-id=\"92b9d21\" data-element_type=\"widget\" data-widget_type=\"heading.default\">\n\t\t\t\t<div class=\"elementor-widget-container\">\n\t\t\t\t\t<h2 class=\"elementor-heading-title elementor-size-default\">Drafting the declaration<\/h2>\t\t\t\t<\/div>\n\t\t\t\t<\/div>\n\t\t\t\t<div class=\"elementor-element elementor-element-c83ed26 elementor-widget elementor-widget-text-editor\" data-id=\"c83ed26\" data-element_type=\"widget\" data-widget_type=\"text-editor.default\">\n\t\t\t\t<div class=\"elementor-widget-container\">\n\t\t\t\t\t\t\t\t\t<p>This declaration was made on <strong>25\/06\/2025<\/strong>.<br \/>The evaluation was<b>\u00a0conducted by third parties<\/b>\u00a0through objective and subjective analyses (see Article 3(1) of Commission Implementing Decision (EU) 2018\/1523).<\/p>\t\t\t\t\t\t\t\t<\/div>\n\t\t\t\t<\/div>\n\t\t\t\t<div class=\"elementor-element elementor-element-59adc85 elementor-widget elementor-widget-heading\" data-id=\"59adc85\" data-element_type=\"widget\" data-widget_type=\"heading.default\">\n\t\t\t\t<div class=\"elementor-widget-container\">\n\t\t\t\t\t<h2 class=\"elementor-heading-title elementor-size-default\">Feedback and contact information<\/h2>\t\t\t\t<\/div>\n\t\t\t\t<\/div>\n\t\t\t\t<div class=\"elementor-element elementor-element-4eb186d elementor-widget elementor-widget-text-editor\" data-id=\"4eb186d\" data-element_type=\"widget\" data-widget_type=\"text-editor.default\">\n\t\t\t\t<div class=\"elementor-widget-container\">\n\t\t\t\t\t\t\t\t\t<p>You can report any  accessibility issuesor anomalies to this <em><a href=\"https:\/\/tinextadefence.it\/en\/reporting-accessibility-problems\/\"><strong>link<\/strong><\/a><\/em>.<br \/>We undertake to respond within 30 days of receiving the report.<\/p>\t\t\t\t\t\t\t\t<\/div>\n\t\t\t\t<\/div>\n\t\t\t\t<div class=\"elementor-element elementor-element-13a925b elementor-widget elementor-widget-heading\" data-id=\"13a925b\" data-element_type=\"widget\" data-widget_type=\"heading.default\">\n\t\t\t\t<div class=\"elementor-widget-container\">\n\t\t\t\t\t<h2 class=\"elementor-heading-title elementor-size-default\">Company data<\/h2>\t\t\t\t<\/div>\n\t\t\t\t<\/div>\n\t\t\t\t<div class=\"elementor-element elementor-element-b071cbd elementor-widget elementor-widget-text-editor\" data-id=\"b071cbd\" data-element_type=\"widget\" data-widget_type=\"text-editor.default\">\n\t\t\t\t<div class=\"elementor-widget-container\">\n\t\t\t\t\t\t\t\t\t<p>Tinexta Defence S.p.A. Societ\u00e0 Benefit<br \/>Via Giacomo Peroni, 452 - 00131 Rome<br \/>Sole Shareholder Company<br \/>VAT n. 11065701002<br \/>REA n. 1276114<br \/>Rome Company Register n. 1106570100<br \/>Share Capital \u20ac 2,554,285.70 fully paid<\/p>\t\t\t\t\t\t\t\t<\/div>\n\t\t\t\t<\/div>\n\t\t\t\t\t<\/div>\n\t\t<\/div>\n\t\t\t\t\t<\/div>\n\t\t<\/section>\n\t\t\t\t<\/div>","protected":false},"excerpt":{"rendered":"<p>Accessibility statement Tinexta Defence S.p.A. Societ\u00e0 Benefit, with registered office in Via Giacomo Peroni, 452 - 00131 Rome, undertakes to make its website accessible, in accordance with Legislative Decree No. 106 of 10 August 2018, implementing Directive (EU) 2016\/2102 and the subsequent Legislative Decree No. 82 of 27 May 2022, transposing [...]<\/p>","protected":false},"author":3,"featured_media":44,"parent":0,"menu_order":0,"comment_status":"closed","ping_status":"closed","template":"","meta":{"_acf_changed":false,"footnotes":""},"class_list":["post-28029","page","type-page","status-publish","has-post-thumbnail","hentry"],"acf":[],"yoast_head":"<!-- This site is optimized with the Yoast SEO plugin v25.8 - https:\/\/yoast.com\/wordpress\/plugins\/seo\/ -->\n<title>Dichiarazione di accessibilit\u00e0 - Tinexta Defence<\/title>\n<meta name=\"robots\" content=\"noindex, follow\" \/>\n<meta property=\"og:locale\" content=\"en_GB\" \/>\n<meta property=\"og:type\" content=\"article\" \/>\n<meta property=\"og:title\" content=\"Dichiarazione di accessibilit\u00e0 - Tinexta Defence\" \/>\n<meta property=\"og:description\" content=\"Dichiarazione di accessibilit\u00e0 Tinexta Defence S.p.A. Societ\u00e0 Benefit, con sede legale in Via Giacomo Peroni, 452 \u2013 00131 Roma, si impegna a rendere il proprio sito web accessibile, conformemente al Decreto Legislativo 10 agosto 2018, n. 106, che attua la Direttiva (UE) 2016\/2102 e al successivo Decreto Legislativo 27 maggio 2022, n. 82, che recepisce [&hellip;]\" \/>\n<meta property=\"og:url\" content=\"https:\/\/tinextadefence.it\/en\/declaration-of-accessibility\/\" \/>\n<meta property=\"og:site_name\" content=\"Tinexta Defence\" \/>\n<meta property=\"article:modified_time\" content=\"2025-06-30T11:47:13+00:00\" \/>\n<meta property=\"og:image\" content=\"https:\/\/tinextadefence.it\/wp-content\/uploads\/2025\/03\/Tinexta_Defence_immagine_evidenza.png\" \/>\n\t<meta property=\"og:image:width\" content=\"1200\" \/>\n\t<meta property=\"og:image:height\" content=\"768\" \/>\n\t<meta property=\"og:image:type\" content=\"image\/png\" \/>\n<meta name=\"twitter:card\" content=\"summary_large_image\" \/>\n<meta name=\"twitter:image\" content=\"https:\/\/tinextadefence.it\/wp-content\/uploads\/2025\/03\/Tinexta_Defence_immagine_evidenza.png\" \/>\n<meta name=\"twitter:label1\" content=\"Estimated reading time\" \/>\n\t<meta name=\"twitter:data1\" content=\"2 minutes\" \/>\n<script type=\"application\/ld+json\" class=\"yoast-schema-graph\">{\"@context\":\"https:\/\/schema.org\",\"@graph\":[{\"@type\":\"WebPage\",\"@id\":\"https:\/\/tinextadefence.it\/dichiarazione-accessibilita\/\",\"url\":\"https:\/\/tinextadefence.it\/dichiarazione-accessibilita\/\",\"name\":\"Dichiarazione di accessibilit\u00e0 - Tinexta Defence\",\"isPartOf\":{\"@id\":\"https:\/\/tinextadefence.it\/#website\"},\"primaryImageOfPage\":{\"@id\":\"https:\/\/tinextadefence.it\/dichiarazione-accessibilita\/#primaryimage\"},\"image\":{\"@id\":\"https:\/\/tinextadefence.it\/dichiarazione-accessibilita\/#primaryimage\"},\"thumbnailUrl\":\"https:\/\/tinextadefence.it\/wp-content\/uploads\/2025\/03\/Tinexta_Defence_immagine_evidenza.png\",\"datePublished\":\"2025-06-24T08:30:59+00:00\",\"dateModified\":\"2025-06-30T11:47:13+00:00\",\"breadcrumb\":{\"@id\":\"https:\/\/tinextadefence.it\/dichiarazione-accessibilita\/#breadcrumb\"},\"inLanguage\":\"en-GB\",\"potentialAction\":[{\"@type\":\"ReadAction\",\"target\":[\"https:\/\/tinextadefence.it\/dichiarazione-accessibilita\/\"]}]},{\"@type\":\"ImageObject\",\"inLanguage\":\"en-GB\",\"@id\":\"https:\/\/tinextadefence.it\/dichiarazione-accessibilita\/#primaryimage\",\"url\":\"https:\/\/tinextadefence.it\/wp-content\/uploads\/2025\/03\/Tinexta_Defence_immagine_evidenza.png\",\"contentUrl\":\"https:\/\/tinextadefence.it\/wp-content\/uploads\/2025\/03\/Tinexta_Defence_immagine_evidenza.png\",\"width\":1200,\"height\":768,\"caption\":\"Immagine in evidenza Tinexta Defence\"},{\"@type\":\"BreadcrumbList\",\"@id\":\"https:\/\/tinextadefence.it\/dichiarazione-accessibilita\/#breadcrumb\",\"itemListElement\":[{\"@type\":\"ListItem\",\"position\":1,\"name\":\"Home\",\"item\":\"https:\/\/tinextadefence.it\/\"},{\"@type\":\"ListItem\",\"position\":2,\"name\":\"Dichiarazione di accessibilit\u00e0\"}]},{\"@type\":\"WebSite\",\"@id\":\"https:\/\/tinextadefence.it\/#website\",\"url\":\"https:\/\/tinextadefence.it\/\",\"name\":\"Tinexta Defence\",\"description\":\"think next, protect now\",\"publisher\":{\"@id\":\"https:\/\/tinextadefence.it\/#organization\"},\"potentialAction\":[{\"@type\":\"SearchAction\",\"target\":{\"@type\":\"EntryPoint\",\"urlTemplate\":\"https:\/\/tinextadefence.it\/?s={search_term_string}\"},\"query-input\":{\"@type\":\"PropertyValueSpecification\",\"valueRequired\":true,\"valueName\":\"search_term_string\"}}],\"inLanguage\":\"en-GB\"},{\"@type\":\"Organization\",\"@id\":\"https:\/\/tinextadefence.it\/#organization\",\"name\":\"Tinexta Defence\",\"url\":\"https:\/\/tinextadefence.it\/\",\"logo\":{\"@type\":\"ImageObject\",\"inLanguage\":\"en-GB\",\"@id\":\"https:\/\/tinextadefence.it\/#\/schema\/logo\/image\/\",\"url\":\"https:\/\/tinextadefence.it\/wp-content\/uploads\/2025\/03\/Tinexta_Defence_marchio.png\",\"contentUrl\":\"https:\/\/tinextadefence.it\/wp-content\/uploads\/2025\/03\/Tinexta_Defence_marchio.png\",\"width\":2000,\"height\":990,\"caption\":\"Tinexta Defence\"},\"image\":{\"@id\":\"https:\/\/tinextadefence.it\/#\/schema\/logo\/image\/\"}}]}<\/script>\n<!-- \/ Yoast SEO plugin. -->","yoast_head_json":{"title":"Accessibility statement - Tinexta Defence","robots":{"index":"noindex","follow":"follow"},"og_locale":"en_GB","og_type":"article","og_title":"Dichiarazione di accessibilit\u00e0 - Tinexta Defence","og_description":"Dichiarazione di accessibilit\u00e0 Tinexta Defence S.p.A. Societ\u00e0 Benefit, con sede legale in Via Giacomo Peroni, 452 \u2013 00131 Roma, si impegna a rendere il proprio sito web accessibile, conformemente al Decreto Legislativo 10 agosto 2018, n. 106, che attua la Direttiva (UE) 2016\/2102 e al successivo Decreto Legislativo 27 maggio 2022, n. 82, che recepisce [&hellip;]","og_url":"https:\/\/tinextadefence.it\/en\/declaration-of-accessibility\/","og_site_name":"Tinexta Defence","article_modified_time":"2025-06-30T11:47:13+00:00","og_image":[{"width":1200,"height":768,"url":"https:\/\/tinextadefence.it\/wp-content\/uploads\/2025\/03\/Tinexta_Defence_immagine_evidenza.png","type":"image\/png"}],"twitter_card":"summary_large_image","twitter_image":"https:\/\/tinextadefence.it\/wp-content\/uploads\/2025\/03\/Tinexta_Defence_immagine_evidenza.png","twitter_misc":{"Estimated reading time":"2 minutes"},"schema":{"@context":"https:\/\/schema.org","@graph":[{"@type":"WebPage","@id":"https:\/\/tinextadefence.it\/dichiarazione-accessibilita\/","url":"https:\/\/tinextadefence.it\/dichiarazione-accessibilita\/","name":"Accessibility statement - Tinexta Defence","isPartOf":{"@id":"https:\/\/tinextadefence.it\/#website"},"primaryImageOfPage":{"@id":"https:\/\/tinextadefence.it\/dichiarazione-accessibilita\/#primaryimage"},"image":{"@id":"https:\/\/tinextadefence.it\/dichiarazione-accessibilita\/#primaryimage"},"thumbnailUrl":"https:\/\/tinextadefence.it\/wp-content\/uploads\/2025\/03\/Tinexta_Defence_immagine_evidenza.png","datePublished":"2025-06-24T08:30:59+00:00","dateModified":"2025-06-30T11:47:13+00:00","breadcrumb":{"@id":"https:\/\/tinextadefence.it\/dichiarazione-accessibilita\/#breadcrumb"},"inLanguage":"en-GB","potentialAction":[{"@type":"ReadAction","target":["https:\/\/tinextadefence.it\/dichiarazione-accessibilita\/"]}]},{"@type":"ImageObject","inLanguage":"en-GB","@id":"https:\/\/tinextadefence.it\/dichiarazione-accessibilita\/#primaryimage","url":"https:\/\/tinextadefence.it\/wp-content\/uploads\/2025\/03\/Tinexta_Defence_immagine_evidenza.png","contentUrl":"https:\/\/tinextadefence.it\/wp-content\/uploads\/2025\/03\/Tinexta_Defence_immagine_evidenza.png","width":1200,"height":768,"caption":"Immagine in evidenza Tinexta Defence"},{"@type":"BreadcrumbList","@id":"https:\/\/tinextadefence.it\/dichiarazione-accessibilita\/#breadcrumb","itemListElement":[{"@type":"ListItem","position":1,"name":"Home","item":"https:\/\/tinextadefence.it\/"},{"@type":"ListItem","position":2,"name":"Dichiarazione di accessibilit\u00e0"}]},{"@type":"WebSite","@id":"https:\/\/tinextadefence.it\/#website","url":"https:\/\/tinextadefence.it\/","name":"Tinexta Defence","description":"think next, protect now","publisher":{"@id":"https:\/\/tinextadefence.it\/#organization"},"potentialAction":[{"@type":"SearchAction","target":{"@type":"EntryPoint","urlTemplate":"https:\/\/tinextadefence.it\/?s={search_term_string}"},"query-input":{"@type":"PropertyValueSpecification","valueRequired":true,"valueName":"search_term_string"}}],"inLanguage":"en-GB"},{"@type":"Organization","@id":"https:\/\/tinextadefence.it\/#organization","name":"Tinexta Defence","url":"https:\/\/tinextadefence.it\/","logo":{"@type":"ImageObject","inLanguage":"en-GB","@id":"https:\/\/tinextadefence.it\/#\/schema\/logo\/image\/","url":"https:\/\/tinextadefence.it\/wp-content\/uploads\/2025\/03\/Tinexta_Defence_marchio.png","contentUrl":"https:\/\/tinextadefence.it\/wp-content\/uploads\/2025\/03\/Tinexta_Defence_marchio.png","width":2000,"height":990,"caption":"Tinexta Defence"},"image":{"@id":"https:\/\/tinextadefence.it\/#\/schema\/logo\/image\/"}}]}},"_links":{"self":[{"href":"https:\/\/tinextadefence.it\/en\/wp-json\/wp\/v2\/pages\/28029","targetHints":{"allow":["GET"]}}],"collection":[{"href":"https:\/\/tinextadefence.it\/en\/wp-json\/wp\/v2\/pages"}],"about":[{"href":"https:\/\/tinextadefence.it\/en\/wp-json\/wp\/v2\/types\/page"}],"author":[{"embeddable":true,"href":"https:\/\/tinextadefence.it\/en\/wp-json\/wp\/v2\/users\/3"}],"replies":[{"embeddable":true,"href":"https:\/\/tinextadefence.it\/en\/wp-json\/wp\/v2\/comments?post=28029"}],"version-history":[{"count":0,"href":"https:\/\/tinextadefence.it\/en\/wp-json\/wp\/v2\/pages\/28029\/revisions"}],"wp:featuredmedia":[{"embeddable":true,"href":"https:\/\/tinextadefence.it\/en\/wp-json\/wp\/v2\/media\/44"}],"wp:attachment":[{"href":"https:\/\/tinextadefence.it\/en\/wp-json\/wp\/v2\/media?parent=28029"}],"curies":[{"name":"wp","href":"https:\/\/api.w.org\/{rel}","templated":true}]}}