{"id":28053,"date":"2025-06-24T10:46:52","date_gmt":"2025-06-24T08:46:52","guid":{"rendered":"https:\/\/tinextadefence.it\/?page_id=28053"},"modified":"2025-06-24T12:12:09","modified_gmt":"2025-06-24T10:12:09","slug":"reporting-accessibility-problems","status":"publish","type":"page","link":"https:\/\/tinextadefence.it\/en\/reporting-accessibility-problems\/","title":{"rendered":"Reporting accessibility problems"},"content":{"rendered":"<div data-elementor-type=\"wp-page\" data-elementor-id=\"28053\" class=\"elementor elementor-28053\" data-elementor-post-type=\"page\">\n\t\t\t\t\t\t<section class=\"elementor-section elementor-top-section elementor-element elementor-element-3167124 elementor-section-height-min-height elementor-section-items-stretch elementor-section-boxed elementor-section-height-default\" data-id=\"3167124\" data-element_type=\"section\">\n\t\t\t\t\t\t<div class=\"elementor-container elementor-column-gap-default\">\n\t\t\t\t\t<div class=\"elementor-column elementor-col-100 elementor-top-column elementor-element elementor-element-2a76abf\" data-id=\"2a76abf\" data-element_type=\"column\">\n\t\t\t<div class=\"elementor-widget-wrap elementor-element-populated\">\n\t\t\t\t\t\t<div class=\"elementor-element elementor-element-245120c elementor-widget elementor-widget-heading\" data-id=\"245120c\" data-element_type=\"widget\" data-widget_type=\"heading.default\">\n\t\t\t\t<div class=\"elementor-widget-container\">\n\t\t\t\t\t<h1 class=\"elementor-heading-title elementor-size-default\">Reporting accessibility problems<\/h1>\t\t\t\t<\/div>\n\t\t\t\t<\/div>\n\t\t\t\t<div class=\"elementor-element elementor-element-d58a70d elementor-widget elementor-widget-text-editor\" data-id=\"d58a70d\" data-element_type=\"widget\" data-widget_type=\"text-editor.default\">\n\t\t\t\t<div class=\"elementor-widget-container\">\n\t\t\t\t\t\t\t\t\t<p>Please use the form below to report any accessibility issues you encounter on our website.<\/p>\t\t\t\t\t\t\t\t<\/div>\n\t\t\t\t<\/div>\n\t\t\t\t<div class=\"elementor-element elementor-element-be31204 elementor-button-align-stretch elementor-widget elementor-widget-form\" data-id=\"be31204\" data-element_type=\"widget\" data-settings=\"{&quot;step_next_label&quot;:&quot;Successivo&quot;,&quot;step_previous_label&quot;:&quot;Precedente&quot;,&quot;button_width&quot;:&quot;100&quot;,&quot;step_type&quot;:&quot;number_text&quot;,&quot;step_icon_shape&quot;:&quot;circle&quot;}\" data-widget_type=\"form.default\">\n\t\t\t\t<div class=\"elementor-widget-container\">\n\t\t\t\t\t\t\t<form class=\"elementor-form\" method=\"post\" name=\"Segnalazione problemi di accessibilit\u00e0\" aria-label=\"Reporting accessibility problems\" action=\"\">\n\t\t\t<input type=\"hidden\" name=\"post_id\" value=\"28053\"\/>\n\t\t\t<input type=\"hidden\" name=\"form_id\" value=\"be31204\"\/>\n\t\t\t<input type=\"hidden\" name=\"referer_title\" value=\"Tinexta Defence\" \/>\n\n\t\t\t\n\t\t\t<div class=\"elementor-form-fields-wrapper elementor-labels-\">\n\t\t\t\t\t\t\t\t<div class=\"elementor-field-type-email elementor-field-group elementor-column elementor-field-group-email elementor-col-100 elementor-field-required\">\n\t\t\t\t\t\t\t\t\t\t\t\t<label for=\"form-field-email\" class=\"elementor-field-label elementor-screen-only\">\n\t\t\t\t\t\t\t\tEmail\t\t\t\t\t\t\t<\/label>\n\t\t\t\t\t\t\t\t\t\t\t\t\t\t<input size=\"1\" type=\"email\" name=\"form_fields[email]\" id=\"form-field-email\" class=\"elementor-field elementor-size-md  elementor-field-textual\" placeholder=\"Email\" required=\"required\">\n\t\t\t\t\t\t\t\t\t\t\t<\/div>\n\t\t\t\t\t\t\t\t<div class=\"elementor-field-type-textarea elementor-field-group elementor-column elementor-field-group-field_a827024 elementor-col-100 elementor-field-required\">\n\t\t\t\t\t\t\t\t\t\t\t\t<label for=\"form-field-field_a827024\" class=\"elementor-field-label elementor-screen-only\">\n\t\t\t\t\t\t\t\tMessage\t\t\t\t\t\t\t<\/label>\n\t\t\t\t\t\t<textarea class=\"elementor-field-textual elementor-field  elementor-size-md\" name=\"form_fields[field_a827024]\" id=\"form-field-field_a827024\" rows=\"7\" placeholder=\"Message\" required=\"required\"><\/textarea>\t\t\t\t<\/div>\n\t\t\t\t\t\t\t\t<div class=\"elementor-field-type-acceptance elementor-field-group elementor-column elementor-field-group-field_c306b51 elementor-col-100 elementor-field-required\">\n\t\t\t\t\t\t\t\t\t\t\t\t<label for=\"form-field-field_c306b51\" class=\"elementor-field-label elementor-screen-only\">\n\t\t\t\t\t\t\t\tPrivacy\t\t\t\t\t\t\t<\/label>\n\t\t\t\t\t\t\t\t<div class=\"elementor-field-subgroup\">\n\t\t\t<span class=\"elementor-field-option\">\n\t\t\t\t<input type=\"checkbox\" name=\"form_fields[field_c306b51]\" id=\"form-field-field_c306b51\" class=\"elementor-field elementor-size-md  elementor-acceptance-field\" required=\"required\">\n\t\t\t\t<label for=\"form-field-field_c306b51\">I confirm that I have read, understood and accepted the <b><a href=\"https:\/\/tinextadefence.it\/en\/privacy-policy\/\">privacy policy<\/a><\/b>.<\/label>\t\t\t<\/span>\n\t\t<\/div>\n\t\t\t\t\t\t<\/div>\n\t\t\t\t\t\t\t\t<div class=\"elementor-field-group elementor-column elementor-field-type-submit elementor-col-100 e-form__buttons\">\n\t\t\t\t\t<button class=\"elementor-button elementor-size-sm\" type=\"submit\">\n\t\t\t\t\t\t<span class=\"elementor-button-content-wrapper\">\n\t\t\t\t\t\t\t\t\t\t\t\t\t\t\t\t\t\t\t\t\t\t<span class=\"elementor-button-text\">Submit<\/span>\n\t\t\t\t\t\t\t\t\t\t\t\t\t<\/span>\n\t\t\t\t\t<\/button>\n\t\t\t\t<\/div>\n\t\t\t<\/div>\n\t\t<input type=\"hidden\" name=\"trp-form-language\" value=\"en\"\/><\/form>\n\t\t\t\t\t\t<\/div>\n\t\t\t\t<\/div>\n\t\t\t\t\t<\/div>\n\t\t<\/div>\n\t\t\t\t\t<\/div>\n\t\t<\/section>\n\t\t\t\t<\/div>","protected":false},"excerpt":{"rendered":"<p>Reporting accessibility problems Use the form below to report any accessibility problems you encounter on our website.<\/p>","protected":false},"author":3,"featured_media":44,"parent":0,"menu_order":0,"comment_status":"closed","ping_status":"closed","template":"elementor_canvas","meta":{"_acf_changed":false,"footnotes":""},"class_list":["post-28053","page","type-page","status-publish","has-post-thumbnail","hentry"],"acf":[],"yoast_head":"<!-- This site is optimized with the Yoast SEO plugin v25.8 - https:\/\/yoast.com\/wordpress\/plugins\/seo\/ -->\n<title>Tinexta Defence - Segnalazione problemi di accessibilit\u00e0<\/title>\n<meta name=\"robots\" content=\"index, follow, max-snippet:-1, max-image-preview:large, max-video-preview:-1\" \/>\n<link rel=\"canonical\" href=\"https:\/\/tinextadefence.it\/en\/reporting-accessibility-problems\/\" \/>\n<meta property=\"og:locale\" content=\"en_GB\" \/>\n<meta property=\"og:type\" content=\"article\" \/>\n<meta property=\"og:title\" content=\"Tinexta Defence - Segnalazione problemi di accessibilit\u00e0\" \/>\n<meta property=\"og:description\" content=\"Segnalazione problemi di accessibilit\u00e0 Utilizza il form qui sotto per segnalarci eventuali problemi di accessibilit\u00e0 riscontrati sul nostro sito web.\" \/>\n<meta property=\"og:url\" content=\"https:\/\/tinextadefence.it\/en\/reporting-accessibility-problems\/\" \/>\n<meta property=\"og:site_name\" content=\"Tinexta Defence\" \/>\n<meta property=\"article:modified_time\" content=\"2025-06-24T10:12:09+00:00\" \/>\n<meta property=\"og:image\" content=\"https:\/\/tinextadefence.it\/wp-content\/uploads\/2025\/03\/Tinexta_Defence_immagine_evidenza.png\" \/>\n\t<meta property=\"og:image:width\" content=\"1200\" \/>\n\t<meta property=\"og:image:height\" content=\"768\" \/>\n\t<meta property=\"og:image:type\" content=\"image\/png\" \/>\n<meta name=\"twitter:card\" content=\"summary_large_image\" \/>\n<meta name=\"twitter:image\" content=\"https:\/\/tinextadefence.it\/wp-content\/uploads\/2025\/03\/Tinexta_Defence_immagine_evidenza.png\" \/>\n<meta name=\"twitter:label1\" content=\"Estimated reading time\" \/>\n\t<meta name=\"twitter:data1\" content=\"1 minute\" \/>\n<script type=\"application\/ld+json\" class=\"yoast-schema-graph\">{\"@context\":\"https:\/\/schema.org\",\"@graph\":[{\"@type\":\"WebPage\",\"@id\":\"https:\/\/tinextadefence.it\/segnalazione-problemi-accessibilita\/\",\"url\":\"https:\/\/tinextadefence.it\/segnalazione-problemi-accessibilita\/\",\"name\":\"Tinexta Defence - Segnalazione problemi di accessibilit\u00e0\",\"isPartOf\":{\"@id\":\"https:\/\/tinextadefence.it\/#website\"},\"primaryImageOfPage\":{\"@id\":\"https:\/\/tinextadefence.it\/segnalazione-problemi-accessibilita\/#primaryimage\"},\"image\":{\"@id\":\"https:\/\/tinextadefence.it\/segnalazione-problemi-accessibilita\/#primaryimage\"},\"thumbnailUrl\":\"https:\/\/tinextadefence.it\/wp-content\/uploads\/2025\/03\/Tinexta_Defence_immagine_evidenza.png\",\"datePublished\":\"2025-06-24T08:46:52+00:00\",\"dateModified\":\"2025-06-24T10:12:09+00:00\",\"breadcrumb\":{\"@id\":\"https:\/\/tinextadefence.it\/segnalazione-problemi-accessibilita\/#breadcrumb\"},\"inLanguage\":\"en-GB\",\"potentialAction\":[{\"@type\":\"ReadAction\",\"target\":[\"https:\/\/tinextadefence.it\/segnalazione-problemi-accessibilita\/\"]}]},{\"@type\":\"ImageObject\",\"inLanguage\":\"en-GB\",\"@id\":\"https:\/\/tinextadefence.it\/segnalazione-problemi-accessibilita\/#primaryimage\",\"url\":\"https:\/\/tinextadefence.it\/wp-content\/uploads\/2025\/03\/Tinexta_Defence_immagine_evidenza.png\",\"contentUrl\":\"https:\/\/tinextadefence.it\/wp-content\/uploads\/2025\/03\/Tinexta_Defence_immagine_evidenza.png\",\"width\":1200,\"height\":768,\"caption\":\"Immagine in evidenza Tinexta Defence\"},{\"@type\":\"BreadcrumbList\",\"@id\":\"https:\/\/tinextadefence.it\/segnalazione-problemi-accessibilita\/#breadcrumb\",\"itemListElement\":[{\"@type\":\"ListItem\",\"position\":1,\"name\":\"Home\",\"item\":\"https:\/\/tinextadefence.it\/\"},{\"@type\":\"ListItem\",\"position\":2,\"name\":\"Segnalazione problemi di accessibilit\u00e0\"}]},{\"@type\":\"WebSite\",\"@id\":\"https:\/\/tinextadefence.it\/#website\",\"url\":\"https:\/\/tinextadefence.it\/\",\"name\":\"Tinexta Defence\",\"description\":\"think next, protect now\",\"publisher\":{\"@id\":\"https:\/\/tinextadefence.it\/#organization\"},\"potentialAction\":[{\"@type\":\"SearchAction\",\"target\":{\"@type\":\"EntryPoint\",\"urlTemplate\":\"https:\/\/tinextadefence.it\/?s={search_term_string}\"},\"query-input\":{\"@type\":\"PropertyValueSpecification\",\"valueRequired\":true,\"valueName\":\"search_term_string\"}}],\"inLanguage\":\"en-GB\"},{\"@type\":\"Organization\",\"@id\":\"https:\/\/tinextadefence.it\/#organization\",\"name\":\"Tinexta Defence\",\"url\":\"https:\/\/tinextadefence.it\/\",\"logo\":{\"@type\":\"ImageObject\",\"inLanguage\":\"en-GB\",\"@id\":\"https:\/\/tinextadefence.it\/#\/schema\/logo\/image\/\",\"url\":\"https:\/\/tinextadefence.it\/wp-content\/uploads\/2025\/03\/Tinexta_Defence_marchio.png\",\"contentUrl\":\"https:\/\/tinextadefence.it\/wp-content\/uploads\/2025\/03\/Tinexta_Defence_marchio.png\",\"width\":2000,\"height\":990,\"caption\":\"Tinexta Defence\"},\"image\":{\"@id\":\"https:\/\/tinextadefence.it\/#\/schema\/logo\/image\/\"}}]}<\/script>\n<!-- \/ Yoast SEO plugin. -->","yoast_head_json":{"title":"Tinexta Defence - Reporting accessibility problems","robots":{"index":"index","follow":"follow","max-snippet":"max-snippet:-1","max-image-preview":"max-image-preview:large","max-video-preview":"max-video-preview:-1"},"canonical":"https:\/\/tinextadefence.it\/en\/reporting-accessibility-problems\/","og_locale":"en_GB","og_type":"article","og_title":"Tinexta Defence - Segnalazione problemi di accessibilit\u00e0","og_description":"Segnalazione problemi di accessibilit\u00e0 Utilizza il form qui sotto per segnalarci eventuali problemi di accessibilit\u00e0 riscontrati sul nostro sito web.","og_url":"https:\/\/tinextadefence.it\/en\/reporting-accessibility-problems\/","og_site_name":"Tinexta Defence","article_modified_time":"2025-06-24T10:12:09+00:00","og_image":[{"width":1200,"height":768,"url":"https:\/\/tinextadefence.it\/wp-content\/uploads\/2025\/03\/Tinexta_Defence_immagine_evidenza.png","type":"image\/png"}],"twitter_card":"summary_large_image","twitter_image":"https:\/\/tinextadefence.it\/wp-content\/uploads\/2025\/03\/Tinexta_Defence_immagine_evidenza.png","twitter_misc":{"Estimated reading time":"1 minute"},"schema":{"@context":"https:\/\/schema.org","@graph":[{"@type":"WebPage","@id":"https:\/\/tinextadefence.it\/segnalazione-problemi-accessibilita\/","url":"https:\/\/tinextadefence.it\/segnalazione-problemi-accessibilita\/","name":"Tinexta Defence - Reporting accessibility problems","isPartOf":{"@id":"https:\/\/tinextadefence.it\/#website"},"primaryImageOfPage":{"@id":"https:\/\/tinextadefence.it\/segnalazione-problemi-accessibilita\/#primaryimage"},"image":{"@id":"https:\/\/tinextadefence.it\/segnalazione-problemi-accessibilita\/#primaryimage"},"thumbnailUrl":"https:\/\/tinextadefence.it\/wp-content\/uploads\/2025\/03\/Tinexta_Defence_immagine_evidenza.png","datePublished":"2025-06-24T08:46:52+00:00","dateModified":"2025-06-24T10:12:09+00:00","breadcrumb":{"@id":"https:\/\/tinextadefence.it\/segnalazione-problemi-accessibilita\/#breadcrumb"},"inLanguage":"en-GB","potentialAction":[{"@type":"ReadAction","target":["https:\/\/tinextadefence.it\/segnalazione-problemi-accessibilita\/"]}]},{"@type":"ImageObject","inLanguage":"en-GB","@id":"https:\/\/tinextadefence.it\/segnalazione-problemi-accessibilita\/#primaryimage","url":"https:\/\/tinextadefence.it\/wp-content\/uploads\/2025\/03\/Tinexta_Defence_immagine_evidenza.png","contentUrl":"https:\/\/tinextadefence.it\/wp-content\/uploads\/2025\/03\/Tinexta_Defence_immagine_evidenza.png","width":1200,"height":768,"caption":"Immagine in evidenza Tinexta Defence"},{"@type":"BreadcrumbList","@id":"https:\/\/tinextadefence.it\/segnalazione-problemi-accessibilita\/#breadcrumb","itemListElement":[{"@type":"ListItem","position":1,"name":"Home","item":"https:\/\/tinextadefence.it\/"},{"@type":"ListItem","position":2,"name":"Segnalazione problemi di accessibilit\u00e0"}]},{"@type":"WebSite","@id":"https:\/\/tinextadefence.it\/#website","url":"https:\/\/tinextadefence.it\/","name":"Tinexta Defence","description":"think next, protect now","publisher":{"@id":"https:\/\/tinextadefence.it\/#organization"},"potentialAction":[{"@type":"SearchAction","target":{"@type":"EntryPoint","urlTemplate":"https:\/\/tinextadefence.it\/?s={search_term_string}"},"query-input":{"@type":"PropertyValueSpecification","valueRequired":true,"valueName":"search_term_string"}}],"inLanguage":"en-GB"},{"@type":"Organization","@id":"https:\/\/tinextadefence.it\/#organization","name":"Tinexta Defence","url":"https:\/\/tinextadefence.it\/","logo":{"@type":"ImageObject","inLanguage":"en-GB","@id":"https:\/\/tinextadefence.it\/#\/schema\/logo\/image\/","url":"https:\/\/tinextadefence.it\/wp-content\/uploads\/2025\/03\/Tinexta_Defence_marchio.png","contentUrl":"https:\/\/tinextadefence.it\/wp-content\/uploads\/2025\/03\/Tinexta_Defence_marchio.png","width":2000,"height":990,"caption":"Tinexta Defence"},"image":{"@id":"https:\/\/tinextadefence.it\/#\/schema\/logo\/image\/"}}]}},"_links":{"self":[{"href":"https:\/\/tinextadefence.it\/en\/wp-json\/wp\/v2\/pages\/28053","targetHints":{"allow":["GET"]}}],"collection":[{"href":"https:\/\/tinextadefence.it\/en\/wp-json\/wp\/v2\/pages"}],"about":[{"href":"https:\/\/tinextadefence.it\/en\/wp-json\/wp\/v2\/types\/page"}],"author":[{"embeddable":true,"href":"https:\/\/tinextadefence.it\/en\/wp-json\/wp\/v2\/users\/3"}],"replies":[{"embeddable":true,"href":"https:\/\/tinextadefence.it\/en\/wp-json\/wp\/v2\/comments?post=28053"}],"version-history":[{"count":0,"href":"https:\/\/tinextadefence.it\/en\/wp-json\/wp\/v2\/pages\/28053\/revisions"}],"wp:featuredmedia":[{"embeddable":true,"href":"https:\/\/tinextadefence.it\/en\/wp-json\/wp\/v2\/media\/44"}],"wp:attachment":[{"href":"https:\/\/tinextadefence.it\/en\/wp-json\/wp\/v2\/media?parent=28053"}],"curies":[{"name":"wp","href":"https:\/\/api.w.org\/{rel}","templated":true}]}}